{"id":92,"date":"2025-12-28T18:58:08","date_gmt":"2025-12-28T17:58:08","guid":{"rendered":"https:\/\/www.cap2a.fr\/?page_id=92"},"modified":"2025-12-29T11:37:33","modified_gmt":"2025-12-29T10:37:33","slug":"qui-sommes-nous","status":"publish","type":"page","link":"https:\/\/www.cap2a.fr\/index.php\/qui-sommes-nous\/","title":{"rendered":"QUI SOMMES-NOUS ?"},"content":{"rendered":"<div class=\"wp-block-image wp-duotone-unset-1\">\n<figure class=\"alignleft size-full is-resized\"><img loading=\"lazy\" decoding=\"async\" width=\"389\" height=\"435\" src=\"https:\/\/www.cap2a.fr\/wp-content\/uploads\/2025\/12\/LOgo-carre.jpg\" alt=\"\" class=\"wp-image-28\" style=\"aspect-ratio:0.894272755444122;width:108px;height:auto\" srcset=\"https:\/\/www.cap2a.fr\/wp-content\/uploads\/2025\/12\/LOgo-carre.jpg 389w, https:\/\/www.cap2a.fr\/wp-content\/uploads\/2025\/12\/LOgo-carre-268x300.jpg 268w\" sizes=\"auto, (max-width: 389px) 100vw, 389px\" \/><\/figure>\n<\/div>\n\n<div class=\"wp-block-image\">\n<figure class=\"alignright size-full is-resized\"><img loading=\"lazy\" decoding=\"async\" width=\"474\" height=\"474\" src=\"https:\/\/www.cap2a.fr\/wp-content\/uploads\/2025\/12\/OIP.H36oxj6Yio9y0kR3kBJ2uAHaHa.jpg.webp\" alt=\"\" class=\"wp-image-104\" style=\"width:105px;height:auto\" srcset=\"https:\/\/www.cap2a.fr\/wp-content\/uploads\/2025\/12\/OIP.H36oxj6Yio9y0kR3kBJ2uAHaHa.jpg.webp 474w, https:\/\/www.cap2a.fr\/wp-content\/uploads\/2025\/12\/OIP.H36oxj6Yio9y0kR3kBJ2uAHaHa.jpg-300x300.webp 300w, https:\/\/www.cap2a.fr\/wp-content\/uploads\/2025\/12\/OIP.H36oxj6Yio9y0kR3kBJ2uAHaHa.jpg-150x150.webp 150w\" sizes=\"auto, (max-width: 474px) 100vw, 474px\" \/><\/figure>\n<\/div>\n\n<div class=\"wp-block-image\">\n<figure class=\"aligncenter size-large\"><img loading=\"lazy\" decoding=\"async\" width=\"1020\" height=\"682\" src=\"https:\/\/www.cap2a.fr\/wp-content\/uploads\/2025\/12\/fish-2311560_1280-edited.jpg\" alt=\"\" class=\"wp-image-138\" srcset=\"https:\/\/www.cap2a.fr\/wp-content\/uploads\/2025\/12\/fish-2311560_1280-edited.jpg 1020w, https:\/\/www.cap2a.fr\/wp-content\/uploads\/2025\/12\/fish-2311560_1280-edited-300x201.jpg 300w, https:\/\/www.cap2a.fr\/wp-content\/uploads\/2025\/12\/fish-2311560_1280-edited-768x514.jpg 768w\" sizes=\"auto, (max-width: 1020px) 100vw, 1020px\" \/><\/figure>\n<\/div>\n\n\n<hr class=\"wp-block-separator has-alpha-channel-opacity\"\/>\n\n\n\n<p class=\"has-large-font-size\"><strong>Le Bureau<\/strong><\/p>\n\n\n\n<figure class=\"wp-block-table is-style-stripes\"><table class=\"has-fixed-layout\"><tbody><tr><td><strong>Pr\u00e9sident<\/strong><\/td><td>Francis BARB\u00c9<\/td><td>06 27 60 10 97<\/td><\/tr><tr><td><strong>Tr\u00e9sori\u00e8re<\/strong><\/td><td>Fabienne CAUQUIL<\/td><td>06 82 29 14 37<\/td><\/tr><tr><td><strong>Secr\u00e9taire<\/strong><\/td><td>Patrick LETORT<\/td><td>06 37 64 51 32<\/td><\/tr><\/tbody><\/table><\/figure>\n\n\n\n<p>Contact : <a href=\"mailto:secretaire@cap2a.fr\">secretaire@cap2a.fr<\/a><\/p>\n\n\n\n<p class=\"has-small-font-size\">Le si\u00e8ge social est install\u00e9 \u00e0 Lafox (47) chez M. Francis BARB\u00c9, chemin de Galignan <\/p>\n\n\n\n<div style=\"height:100px\" aria-hidden=\"true\" class=\"wp-block-spacer\"><\/div>\n\n\n\n<p><strong>Informations l\u00e9gales <\/strong><\/p>\n\n\n\n<ul class=\"wp-block-list\">\n<li>Club affili\u00e9 \u00e0 la FFESSM (F\u00e9d\u00e9ration Fran\u00e7aise \u00c9tudes &amp; Sports Sous-Marins) avec le num\u00e9ro 02470303<\/li>\n\n\n\n<li>H\u00e9bergeur internet : OVH<\/li>\n\n\n\n<li>Mis en page avec WordPress<\/li>\n\n\n\n<li>Webmaster : Patrick LETORT<\/li>\n<\/ul>\n","protected":false},"excerpt":{"rendered":"<p>Le Bureau Pr\u00e9sident Francis BARB\u00c9 06 27 60 10 97 Tr\u00e9sori\u00e8re Fabienne CAUQUIL 06 82 29 14 37 Secr\u00e9taire Patrick LETORT 06 37 64 51 32 Contact : secretaire@cap2a.fr Le si\u00e8ge social est install\u00e9 \u00e0 Lafox (47) chez M. Francis BARB\u00c9, chemin de Galignan Informations l\u00e9gales<\/p>\n","protected":false},"author":1,"featured_media":0,"parent":0,"menu_order":0,"comment_status":"closed","ping_status":"closed","template":"","meta":{"footnotes":""},"class_list":["post-92","page","type-page","status-publish","hentry"],"_links":{"self":[{"href":"https:\/\/www.cap2a.fr\/index.php\/wp-json\/wp\/v2\/pages\/92","targetHints":{"allow":["GET"]}}],"collection":[{"href":"https:\/\/www.cap2a.fr\/index.php\/wp-json\/wp\/v2\/pages"}],"about":[{"href":"https:\/\/www.cap2a.fr\/index.php\/wp-json\/wp\/v2\/types\/page"}],"author":[{"embeddable":true,"href":"https:\/\/www.cap2a.fr\/index.php\/wp-json\/wp\/v2\/users\/1"}],"replies":[{"embeddable":true,"href":"https:\/\/www.cap2a.fr\/index.php\/wp-json\/wp\/v2\/comments?post=92"}],"version-history":[{"count":11,"href":"https:\/\/www.cap2a.fr\/index.php\/wp-json\/wp\/v2\/pages\/92\/revisions"}],"predecessor-version":[{"id":151,"href":"https:\/\/www.cap2a.fr\/index.php\/wp-json\/wp\/v2\/pages\/92\/revisions\/151"}],"wp:attachment":[{"href":"https:\/\/www.cap2a.fr\/index.php\/wp-json\/wp\/v2\/media?parent=92"}],"curies":[{"name":"wp","href":"https:\/\/api.w.org\/{rel}","templated":true}]}}