{"id":35,"date":"2025-12-27T10:02:17","date_gmt":"2025-12-27T09:02:17","guid":{"rendered":"https:\/\/www.cap2a.fr\/?page_id=35"},"modified":"2025-12-30T12:21:52","modified_gmt":"2025-12-30T11:21:52","slug":"documents-a-telecharger","status":"publish","type":"page","link":"https:\/\/www.cap2a.fr\/index.php\/documents-a-telecharger\/","title":{"rendered":"DOCUMENTS \u00c0 T\u00c9L\u00c9CHARGER"},"content":{"rendered":"\n<div style=\"height:100px\" aria-hidden=\"true\" class=\"wp-block-spacer\"><\/div>\n\n\n\n<figure class=\"wp-block-gallery has-nested-images columns-default is-cropped wp-block-gallery-1 is-layout-flex wp-block-gallery-is-layout-flex\">\n<figure class=\"wp-block-image size-large is-resized\"><img loading=\"lazy\" decoding=\"async\" width=\"474\" height=\"474\" data-id=\"104\" src=\"https:\/\/www.cap2a.fr\/wp-content\/uploads\/2025\/12\/OIP.H36oxj6Yio9y0kR3kBJ2uAHaHa.jpg.webp\" alt=\"\" class=\"wp-image-104\" style=\"width:100px\" srcset=\"https:\/\/www.cap2a.fr\/wp-content\/uploads\/2025\/12\/OIP.H36oxj6Yio9y0kR3kBJ2uAHaHa.jpg.webp 474w, https:\/\/www.cap2a.fr\/wp-content\/uploads\/2025\/12\/OIP.H36oxj6Yio9y0kR3kBJ2uAHaHa.jpg-300x300.webp 300w, https:\/\/www.cap2a.fr\/wp-content\/uploads\/2025\/12\/OIP.H36oxj6Yio9y0kR3kBJ2uAHaHa.jpg-150x150.webp 150w\" sizes=\"auto, (max-width: 474px) 100vw, 474px\" \/><\/figure>\n\n\n\n<figure class=\"wp-block-image size-large is-resized\"><img loading=\"lazy\" decoding=\"async\" width=\"389\" height=\"435\" data-id=\"28\" src=\"https:\/\/www.cap2a.fr\/wp-content\/uploads\/2025\/12\/LOgo-carre.jpg\" alt=\"\" class=\"wp-image-28\" style=\"width:100px\" srcset=\"https:\/\/www.cap2a.fr\/wp-content\/uploads\/2025\/12\/LOgo-carre.jpg 389w, https:\/\/www.cap2a.fr\/wp-content\/uploads\/2025\/12\/LOgo-carre-268x300.jpg 268w\" sizes=\"auto, (max-width: 389px) 100vw, 389px\" \/><\/figure>\n<\/figure>\n\n\n\n<div style=\"height:100px\" aria-hidden=\"true\" class=\"wp-block-spacer\"><\/div>\n\n\n\n<ul class=\"wp-block-list\">\n<li>Fiche d&rsquo;adh\u00e9sion 2025 : <a href=\"https:\/\/www.cap2a.fr\/wp-content\/uploads\/2025\/12\/Fiche-adhesion-CAP2A-nouvelle-2526.pdf\">https:\/\/www.cap2a.fr\/wp-content\/uploads\/2025\/12\/Fiche-adhesion-CAP2A-nouvelle-2526.pdf<\/a><\/li>\n\n\n\n<li>Certificat m\u00e9dical (CACI) : <a href=\"https:\/\/www.cap2a.fr\/wp-content\/uploads\/2025\/12\/CACI-2025-FFESSM.pdf\">https:\/\/www.cap2a.fr\/wp-content\/uploads\/2025\/12\/CACI-2025-FFESSM.pdf<\/a><\/li>\n<\/ul>\n","protected":false},"excerpt":{"rendered":"","protected":false},"author":1,"featured_media":0,"parent":0,"menu_order":0,"comment_status":"closed","ping_status":"closed","template":"","meta":{"footnotes":""},"class_list":["post-35","page","type-page","status-publish","hentry"],"_links":{"self":[{"href":"https:\/\/www.cap2a.fr\/index.php\/wp-json\/wp\/v2\/pages\/35","targetHints":{"allow":["GET"]}}],"collection":[{"href":"https:\/\/www.cap2a.fr\/index.php\/wp-json\/wp\/v2\/pages"}],"about":[{"href":"https:\/\/www.cap2a.fr\/index.php\/wp-json\/wp\/v2\/types\/page"}],"author":[{"embeddable":true,"href":"https:\/\/www.cap2a.fr\/index.php\/wp-json\/wp\/v2\/users\/1"}],"replies":[{"embeddable":true,"href":"https:\/\/www.cap2a.fr\/index.php\/wp-json\/wp\/v2\/comments?post=35"}],"version-history":[{"count":9,"href":"https:\/\/www.cap2a.fr\/index.php\/wp-json\/wp\/v2\/pages\/35\/revisions"}],"predecessor-version":[{"id":162,"href":"https:\/\/www.cap2a.fr\/index.php\/wp-json\/wp\/v2\/pages\/35\/revisions\/162"}],"wp:attachment":[{"href":"https:\/\/www.cap2a.fr\/index.php\/wp-json\/wp\/v2\/media?parent=35"}],"curies":[{"name":"wp","href":"https:\/\/api.w.org\/{rel}","templated":true}]}}