{"id":2,"date":"2025-12-21T13:33:42","date_gmt":"2025-12-21T13:33:42","guid":{"rendered":"http:\/\/www.cap2a.fr\/?page_id=2"},"modified":"2026-04-08T16:20:06","modified_gmt":"2026-04-08T14:20:06","slug":"sample-page","status":"publish","type":"page","link":"https:\/\/www.cap2a.fr\/","title":{"rendered":"ACCUEIL"},"content":{"rendered":"\n<figure class=\"wp-block-image size-full\"><img loading=\"lazy\" decoding=\"async\" width=\"1024\" height=\"768\" src=\"https:\/\/www.cap2a.fr\/wp-content\/uploads\/2026\/04\/image-2026-04-08T14-17-57-093Z.jpg\" alt=\"\" class=\"wp-image-219\" srcset=\"https:\/\/www.cap2a.fr\/wp-content\/uploads\/2026\/04\/image-2026-04-08T14-17-57-093Z.jpg 1024w, https:\/\/www.cap2a.fr\/wp-content\/uploads\/2026\/04\/image-2026-04-08T14-17-57-093Z-300x225.jpg 300w, https:\/\/www.cap2a.fr\/wp-content\/uploads\/2026\/04\/image-2026-04-08T14-17-57-093Z-768x576.jpg 768w\" sizes=\"auto, (max-width: 1024px) 100vw, 1024px\" \/><\/figure>\n\n\n\n<p class=\"has-text-align-center has-accent-color has-text-color has-link-color wp-elements-a1993df7c3d01ed7792b66880916c013\" style=\"font-size:15px\">site mis \u00e0 jour le 08 avril 2026 \u00e0 16:08<\/p>\n\n\n\n<p>Le CAP2A, c\u2019est le nom abr\u00e9g\u00e9 du Cercle Amical des Plongeurs Autonomes de l\u2019Agenais.&nbsp;<br>Ce jeune club de plong\u00e9e de l\u2019Agenais, affili\u00e9 \u00e0 la FFESSM, sous le num\u00e9ro 02470303, a \u00e9t\u00e9 cr\u00e9\u00e9 en 2011 par une bande de copains sans autre but que de vouloir pratiquer une passion commune dans une ambiance conviviale.<br>Notre cercle amical s\u2019interdit donc de racoler les plongeurs des autres structures du d\u00e9partement.&nbsp;<br>Cela signifie aussi que nos adh\u00e9rents s\u2019engagent \u00e0 pratiquer la plong\u00e9e au sein du club dans une ambiance amicale.<\/p>\n\n\n\n<p class=\"has-text-align-left\"><strong>Quels sont nos objectifs ? <\/strong><\/p>\n\n\n\n<ul class=\"wp-block-list\">\n<li>Pratiquer la plong\u00e9e loisir dans une ambiance conviviale et amicale.<\/li>\n\n\n\n<li>Entretenir notre condition physique gr\u00e2ce \u00e0 des entrainements de natation hebdomadaires en piscine (avec ou sans palmes, masque et tubas.<\/li>\n\n\n\n<li>Une fois par mois, organiser des s\u00e9ances d&rsquo;entra\u00eenement avec scaphandre.<\/li>\n\n\n\n<li>Trois fois par an, plonger en fosse \u00e0 10 m\u00e8tres.<\/li>\n\n\n\n<li>Tous les ans ou presque organiser des voyages combinant tourisme et plong\u00e9es en eaux chaudes.<\/li>\n\n\n\n<li>Organiser des week-ends plong\u00e9es dans les plus beaux sites de la Costa Brava.<\/li>\n\n\n\n<li>Partager un moment de convivialit\u00e9 au restaurant apr\u00e8s chaque entra\u00eenement&#8230;<\/li>\n<\/ul>\n\n\n\n<figure class=\"wp-block-image size-full\"><img loading=\"lazy\" decoding=\"async\" width=\"1024\" height=\"768\" src=\"https:\/\/www.cap2a.fr\/wp-content\/uploads\/2026\/04\/image-2026-04-08T14-11-59-720Z.jpg\" alt=\"\" class=\"wp-image-218\" srcset=\"https:\/\/www.cap2a.fr\/wp-content\/uploads\/2026\/04\/image-2026-04-08T14-11-59-720Z.jpg 1024w, https:\/\/www.cap2a.fr\/wp-content\/uploads\/2026\/04\/image-2026-04-08T14-11-59-720Z-300x225.jpg 300w, https:\/\/www.cap2a.fr\/wp-content\/uploads\/2026\/04\/image-2026-04-08T14-11-59-720Z-768x576.jpg 768w\" sizes=\"auto, (max-width: 1024px) 100vw, 1024px\" \/><\/figure>\n","protected":false},"excerpt":{"rendered":"<p>site mis \u00e0 jour le 08 avril 2026 \u00e0 16:08 Le CAP2A, c\u2019est le nom abr\u00e9g\u00e9 du Cercle Amical des Plongeurs Autonomes de l\u2019Agenais.&nbsp;Ce jeune club de plong\u00e9e de l\u2019Agenais, affili\u00e9 \u00e0 la FFESSM, sous le num\u00e9ro 02470303, a \u00e9t\u00e9 cr\u00e9\u00e9 en 2011 par une bande de copains sans autre but que de vouloir pratiquer [&hellip;]<\/p>\n","protected":false},"author":1,"featured_media":0,"parent":0,"menu_order":0,"comment_status":"closed","ping_status":"open","template":"","meta":{"footnotes":""},"class_list":["post-2","page","type-page","status-publish","hentry"],"_links":{"self":[{"href":"https:\/\/www.cap2a.fr\/index.php\/wp-json\/wp\/v2\/pages\/2","targetHints":{"allow":["GET"]}}],"collection":[{"href":"https:\/\/www.cap2a.fr\/index.php\/wp-json\/wp\/v2\/pages"}],"about":[{"href":"https:\/\/www.cap2a.fr\/index.php\/wp-json\/wp\/v2\/types\/page"}],"author":[{"embeddable":true,"href":"https:\/\/www.cap2a.fr\/index.php\/wp-json\/wp\/v2\/users\/1"}],"replies":[{"embeddable":true,"href":"https:\/\/www.cap2a.fr\/index.php\/wp-json\/wp\/v2\/comments?post=2"}],"version-history":[{"count":15,"href":"https:\/\/www.cap2a.fr\/index.php\/wp-json\/wp\/v2\/pages\/2\/revisions"}],"predecessor-version":[{"id":220,"href":"https:\/\/www.cap2a.fr\/index.php\/wp-json\/wp\/v2\/pages\/2\/revisions\/220"}],"wp:attachment":[{"href":"https:\/\/www.cap2a.fr\/index.php\/wp-json\/wp\/v2\/media?parent=2"}],"curies":[{"name":"wp","href":"https:\/\/api.w.org\/{rel}","templated":true}]}}